{"id":12130,"date":"2026-01-14T22:06:27","date_gmt":"2026-01-15T04:06:27","guid":{"rendered":"https:\/\/www.trueticket.mx\/Ritorukai\/?post_type=product&#038;p=12130"},"modified":"2026-02-27T20:04:34","modified_gmt":"2026-02-28T02:04:34","slug":"ritorukai-en-toluca-2","status":"publish","type":"product","link":"https:\/\/www.trueticket.mx\/Ritorukai\/product\/ritorukai-en-toluca-2\/","title":{"rendered":"RITORUKAI EN TOLUCA"},"content":{"rendered":"","protected":false},"excerpt":{"rendered":"<p class=\"p1\">TRUE COMPANY PRESENTA<\/p>\n<p class=\"p1\">RITORUKAI EN TOLUCA<\/p>\n<p class=\"p1\">Viernes 27 de febrero del 2026<\/p>\n<p class=\"p1\">LUGAR: FORO LAND\u00d3 (Calle Nicol\u00e1s Bravo Nte. 825, Uni\u00f3n, 50040 Toluca de Lerdo, M\u00e9x.)<\/p>\n<p class=\"p1\">HORA: 8:00 PM<\/p>\n<p class=\"p1\">GENERAL: $300 MN + CARGO POR SERVICIO<\/p>\n<p class=\"p1\">MEET AND GREET: $1,000 MN + CARGO POR SERVICIO (INCLUYE ENTRADA AL EVENTO Y MEET AND GREET CON RITORUKAI)<\/p>\n<p class=\"p1\">VENTA DE BOLETOS EN TRUETICKET.MX<\/p>\n<p class=\"p1\">EVENTO PARA TODAS LAS EDADES.<\/p>\n","protected":false},"featured_media":12164,"comment_status":"open","ping_status":"closed","template":"","meta":{"_coblocks_attr":"","_coblocks_dimensions":"","_coblocks_responsive_height":"","_coblocks_accordion_ie_support":""},"product_brand":[],"product_cat":[133],"product_tag":[],"class_list":{"0":"post-12130","1":"product","2":"type-product","3":"status-publish","4":"has-post-thumbnail","6":"product_cat-toluca_2026","8":"first","9":"instock","10":"taxable","11":"shipping-taxable","12":"product-type-variable"},"_links":{"self":[{"href":"https:\/\/www.trueticket.mx\/Ritorukai\/wp-json\/wp\/v2\/product\/12130","targetHints":{"allow":["GET"]}}],"collection":[{"href":"https:\/\/www.trueticket.mx\/Ritorukai\/wp-json\/wp\/v2\/product"}],"about":[{"href":"https:\/\/www.trueticket.mx\/Ritorukai\/wp-json\/wp\/v2\/types\/product"}],"replies":[{"embeddable":true,"href":"https:\/\/www.trueticket.mx\/Ritorukai\/wp-json\/wp\/v2\/comments?post=12130"}],"wp:featuredmedia":[{"embeddable":true,"href":"https:\/\/www.trueticket.mx\/Ritorukai\/wp-json\/wp\/v2\/media\/12164"}],"wp:attachment":[{"href":"https:\/\/www.trueticket.mx\/Ritorukai\/wp-json\/wp\/v2\/media?parent=12130"}],"wp:term":[{"taxonomy":"product_brand","embeddable":true,"href":"https:\/\/www.trueticket.mx\/Ritorukai\/wp-json\/wp\/v2\/product_brand?post=12130"},{"taxonomy":"product_cat","embeddable":true,"href":"https:\/\/www.trueticket.mx\/Ritorukai\/wp-json\/wp\/v2\/product_cat?post=12130"},{"taxonomy":"product_tag","embeddable":true,"href":"https:\/\/www.trueticket.mx\/Ritorukai\/wp-json\/wp\/v2\/product_tag?post=12130"}],"curies":[{"name":"wp","href":"https:\/\/api.w.org\/{rel}","templated":true}]}}