{"id":8149,"date":"2026-04-14T14:50:29","date_gmt":"2026-04-14T20:50:29","guid":{"rendered":"https:\/\/www.trueticket.mx\/alannavarro\/?post_type=product&#038;p=8149"},"modified":"2026-04-18T01:53:19","modified_gmt":"2026-04-18T07:53:19","slug":"alan-navarro-en-toluca","status":"publish","type":"product","link":"https:\/\/www.trueticket.mx\/alannavarro\/product\/alan-navarro-en-toluca\/","title":{"rendered":"ALAN NAVARRO EN TOLUCA"},"content":{"rendered":"","protected":false},"excerpt":{"rendered":"<p class=\"p1\">TRUE COMPANY PRESENTA<\/p>\n<p class=\"p1\">ALAN NAVARRO EN TOLUCA<\/p>\n<p class=\"p1\">DOMINGO 24 DE MAYO DEL 2026<\/p>\n<p class=\"p1\">LUGAR: Foro Land\u00f3 (Calle Nicol\u00e1s Bravo Nte. 825, Uni\u00f3n, 50040 Toluca de Lerdo, M\u00e9x.)<\/p>\n<p class=\"p1\">HORA: 8:00 PM<\/p>\n<p class=\"p1\">GENERAL: $500 MN + CARGO POR SERVICIO<\/p>\n<p class=\"p1\">MEET AND GREET: $900 MN + CARGO POR SERVICIO (INCLUYE ENTRADA AL EVENTO Y MEET AND GREET CON ALAN NAVARRO)<\/p>\n<p class=\"p1\">VENTA DE BOLETOS EN TRUETICKET.MX<\/p>\n<p class=\"p1\">EVENTO PARA TODAS LAS EDADES.<\/p>\n","protected":false},"featured_media":8195,"comment_status":"open","ping_status":"closed","template":"","meta":{"_coblocks_attr":"","_coblocks_dimensions":"","_coblocks_responsive_height":"","_coblocks_accordion_ie_support":""},"product_brand":[],"product_cat":[119],"product_tag":[],"class_list":{"0":"post-8149","1":"product","2":"type-product","3":"status-publish","4":"has-post-thumbnail","6":"product_cat-alan_navarro_toluca_2026","8":"first","9":"instock","10":"taxable","11":"shipping-taxable","12":"purchasable","13":"product-type-variable"},"_links":{"self":[{"href":"https:\/\/www.trueticket.mx\/alannavarro\/wp-json\/wp\/v2\/product\/8149","targetHints":{"allow":["GET"]}}],"collection":[{"href":"https:\/\/www.trueticket.mx\/alannavarro\/wp-json\/wp\/v2\/product"}],"about":[{"href":"https:\/\/www.trueticket.mx\/alannavarro\/wp-json\/wp\/v2\/types\/product"}],"replies":[{"embeddable":true,"href":"https:\/\/www.trueticket.mx\/alannavarro\/wp-json\/wp\/v2\/comments?post=8149"}],"wp:featuredmedia":[{"embeddable":true,"href":"https:\/\/www.trueticket.mx\/alannavarro\/wp-json\/wp\/v2\/media\/8195"}],"wp:attachment":[{"href":"https:\/\/www.trueticket.mx\/alannavarro\/wp-json\/wp\/v2\/media?parent=8149"}],"wp:term":[{"taxonomy":"product_brand","embeddable":true,"href":"https:\/\/www.trueticket.mx\/alannavarro\/wp-json\/wp\/v2\/product_brand?post=8149"},{"taxonomy":"product_cat","embeddable":true,"href":"https:\/\/www.trueticket.mx\/alannavarro\/wp-json\/wp\/v2\/product_cat?post=8149"},{"taxonomy":"product_tag","embeddable":true,"href":"https:\/\/www.trueticket.mx\/alannavarro\/wp-json\/wp\/v2\/product_tag?post=8149"}],"curies":[{"name":"wp","href":"https:\/\/api.w.org\/{rel}","templated":true}]}}