{"id":1149,"date":"2023-12-11T16:45:36","date_gmt":"2023-12-11T16:45:36","guid":{"rendered":"https:\/\/www.trueticket.mx\/babas_tutsipop\/?page_id=1149"},"modified":"2024-02-07T15:06:36","modified_gmt":"2024-02-07T21:06:36","slug":"aviso-de-privacidad","status":"publish","type":"page","link":"https:\/\/www.trueticket.mx\/babas_tutsipop\/aviso-de-privacidad\/","title":{"rendered":"Aviso de privacidad"},"content":{"rendered":"\t\t<div data-elementor-type=\"wp-page\" data-elementor-id=\"1149\" class=\"elementor elementor-1149\" data-elementor-post-type=\"page\">\n\t\t\t\t<div class=\"elementor-element elementor-element-a2803b1 e-flex e-con-boxed e-con e-parent\" data-id=\"a2803b1\" data-element_type=\"container\">\n\t\t\t\t\t<div class=\"e-con-inner\">\n\t\t\t\t<div class=\"elementor-element elementor-element-7857404 elementor-widget elementor-widget-text-editor\" data-id=\"7857404\" data-element_type=\"widget\" data-widget_type=\"text-editor.default\">\n\t\t\t\t<div class=\"elementor-widget-container\">\n\t\t\t\t\t\t\t\t\t<p>Aviso de Privacidad<\/p><p>True Ticket (www.trueticket.mx) tiene entre sus objetivos proteger los Datos Personales proporcionados por sus Usuarios.<\/p><p>INFORMACI\u00d3N QUE RECOPILA TRUE TICKET A TRAV\u00c9S DEL SITIO<\/p><p>Para registrarse en el Sitio Web, el Usuario podr\u00e1 llenar un formulario de registro o ingresar a trav\u00e9s de su cuenta de Facebook, Twitter, Instagram; al hacerlo, TRUE TICKET obtendr\u00e1 los siguientes Datos Personales (sujeto a la configuraci\u00f3n de privacidad del Usuario en su perfil p\u00fablico de redes sociales): nombre completo, fecha de nacimiento o rango de edad, direcci\u00f3n de correo electr\u00f3nico, g\u00e9nero, pa\u00eds y estado, ocupaci\u00f3n, ID de usuario, imagen de perfil, idioma, formaci\u00f3n y empleo, gustos e intereses.<\/p><p>TRUE TICKET no recabar\u00e1 datos sensibles cuya utilizaci\u00f3n indebida pueda dar origen a discriminaci\u00f3n o conlleve un riesgo grave para el Titular de los Datos Personales. Se consideran sensibles aquellos datos que puedan revelar aspectos como origen racial o \u00e9tnico, estado de salud, informaci\u00f3n gen\u00e9tica, creencias religiosas, filos\u00f3ficas y morales, afiliaci\u00f3n sindical, opiniones pol\u00edticas y preferencia sexual.<\/p><p>FINALIDAD<\/p><p>TRUE TICKET recaba los Datos Personales que el Titular registra en el Sitio Web con la intenci\u00f3n de ofrecer contenidos personalizados, hacerle llegar noticias, mantenerle informado sobre los servicios, productos, proyectos de TRUE TICKET relacionados con sus intereses, anuncio de descuentos y cambios en el Aviso de Privacidad; as\u00ed como para ofrecerle, de acuerdo a disponibilidad, acceso a promociones y contenidos exclusivos.<\/p><p>Al proporcionar los Datos Personales a trav\u00e9s de nuestro Sitio Web, el Titular acepta conocer y estar de acuerdo con los t\u00e9rminos de este Aviso de Privacidad y consiente expresamente el tratamiento de sus Datos Personales conforme a lo descrito en \u00e9l.<\/p><p>PRIVACIDAD Y SEGURIDAD DE SU INFORMACI\u00d3N<\/p><p>Los Datos Personales pueden ser tratados por TRUE\u00a0TICKET, ya sea por s\u00ed o por medio de empresas expresamente contratadas para ello, y los Servicios del Sitio Web son operados en los Estados Unidos Mexicanos. Si el Titular se encuentra fuera de los Estados Unidos Mexicanos, por favor tenga en cuenta que la informaci\u00f3n que recopilamos ser\u00e1 procesada en el pa\u00eds se\u00f1alado.<\/p><p>TRUE\u00a0TICKET implementa medidas de seguridad razonables para proteger su informaci\u00f3n tanto online como offline, y utiliza tecnolog\u00eda a su alcance para la protecci\u00f3n de la Informaci\u00f3n proporcionada por los Usuarios del Sitio. El Sitio contiene hiperv\u00ednculos o hipertextos \u201clinks\u201d, banners, botones y herramientas de b\u00fasqueda que al ser oprimidos o utilizados por los Usuarios dirigen a otros sitios propiedad de terceros, de manera que la Informaci\u00f3n que el Usuario llegase a proporcionar a trav\u00e9s de esos sitios no se encuentra cubierta o contemplada por este Aviso de Privacidad y su manejo o utilizaci\u00f3n no es responsabilidad de TRUE\u00a0TICKET por lo que recomendamos a nuestros Usuarios verificar los Avisos de Privacidad desplegados o aplicables a estos sitios o portales de terceros.<\/p><p>La informaci\u00f3n que TRUE TICKET recaba a trav\u00e9s del Sitio Web podr\u00e1 ser utilizada para fines comerciales, como proporcionar datos estad\u00edsticos a anunciantes potenciales, enviar publicidad a los Usuarios de acuerdo con sus intereses espec\u00edficos, y conducir investigaciones de mercadeo o promociones que TRUE TICKET considere apropiadas. TRUE\u00a0TICKET tambi\u00e9n podr\u00e1 revelar Informaci\u00f3n cuando por mandato de ley y\/o de autoridad competente le fuere requerido.<\/p><p>TRUE\u00a0TICKET se reserva el derecho de transferir la Informaci\u00f3n a cualquiera de sus filiales o subsidiarias en t\u00e9rminos de la fracci\u00f3n III del art\u00edculo 37 de la Ley.<\/p><p>ACCESO, RECTIFICACI\u00d3N, CANCELACI\u00d3N Y OPOSICI\u00d3N \u2013 DERECHOS ARCO<\/p><p>El Usuario ingresa sus Datos Personales en la secci\u00f3n REGISTRAR de www.trueticket.mx Si desea rectificar alg\u00fan dato, deber\u00e1 enviar un correo electr\u00f3nico a <a href=\"mailto:soporte@trueticket.mx\">soporte@trueticket.mx<\/a> con la siguiente informaci\u00f3n: la direcci\u00f3n de correo electr\u00f3nico con la cual se registr\u00f3, sitio en el cual se registr\u00f3, copia electr\u00f3nica de alg\u00fan documento que acredite su identidad (credencial de elector, registro federal de causantes, pasaporte vigente), descripci\u00f3n clara y precisa de los Datos Personales de los cuales busca ejercer sus derechos, e indicar las modificaciones a realizarse y\/o las limitaciones al uso de los Datos proporcionados.<\/p><p>Se dar\u00e1 seguimiento a la solicitud del Usuario y, en caso de ser v\u00e1lida, en un plazo no mayor a 60 d\u00edas h\u00e1biles quedar\u00e1 eliminada su suscripci\u00f3n y no se usar\u00e1n sus Datos Personales para ning\u00fan fin. Las solicitudes no ser\u00e1n v\u00e1lidas cuando: (1) el solicitante no sea el titular de los Datos Personales o el representante legal no est\u00e9 debidamente acreditado para ello, (2) no se encuentren los Datos Personales del solicitante en la base de datos de Sitio Web, (3) se lesionen los derechos de un tercero, (4) exista un impedimento legal o la resoluci\u00f3n de una autoridad competente que restrinja el acceso a los datos personales, o no permita la rectificaci\u00f3n, cancelaci\u00f3n u oposici\u00f3n de los mismos (5) cuando la rectificaci\u00f3n, cancelaci\u00f3n u oposici\u00f3n haya sido previamente realizada.<\/p><p>Como Usuario del Sitio, en este acto autoriza de manera expresa que TRUE TICKET \u2013 Sitio Web (seg\u00fan se define en los T\u00e9rminos y Condiciones del Sitio) pueda contactarlo v\u00eda correo electr\u00f3nico y utilizar o revelar, en los t\u00e9rminos descritos, la informaci\u00f3n proporcionada al darse de alta en el Sitio Web. En caso de oposici\u00f3n, el Usuario podr\u00e1 hacerlo autom\u00e1ticamente desde cualquier env\u00edo que haya recibido de TRUE TICKET \/ Sitio Web dando clic en el link para cancelar su suscripci\u00f3n (insertado en la parte inferior de los correos electr\u00f3nicos).<\/p><p>En virtud de lo anterior, el usuario podr\u00e1 oponerse a: (i) tratamiento de sus datos, (ii) recepci\u00f3n de informaci\u00f3n v\u00eda email. En dado caso se dar\u00e1 de baja su suscripci\u00f3n y sus datos se eliminar\u00e1n de la Base de Datos para con ello evitar el contacto de cualquier tipo.<\/p><p>USO DE COOKIES<\/p><p>Una cookie (o galleta inform\u00e1tica) es una peque\u00f1a informaci\u00f3n enviada por un sitio web y almacenada en el navegador del Usuario, de manera que el Sitio Web puede consultar la actividad del Usuario.<\/p><p>Este Sitio Web guardar\u00e1 una cookie en el navegador del Usuario, al momento de ingresar en \u00e9l y al iniciar sesi\u00f3n, que contendr\u00e1 informaci\u00f3n referente a su cuenta de acceso, pero no a su informaci\u00f3n personal. La finalidad es informar el estatus de sesi\u00f3n del Usuario en el Sitio Web y la navegaci\u00f3n que realiza en \u00e9l con el fin de ofrecerle una experiencia personalizada, as\u00ed como enviarle anuncios personalizados del Sitio Web a trav\u00e9s de remarketing.<\/p><p>El Usuario podr\u00e1 deshabilitar las cookies desde su navegador cuando as\u00ed lo desee; sin embargo, es importante se\u00f1alar que no podr\u00e1 participar en algunos contenidos de este Sitio Web que necesitan de dicha cookie para autenticarse como Usuario con una sesi\u00f3n activa. Para desactivar las cookies, el Usuario deber\u00e1 ingresar a la opci\u00f3n de Privacidad de su navegador (ubicada en Opciones de Internet, Ajustes o Preferencias) y removerlas seleccionando la casilla correspondiente.<\/p><p>CAMBIOS EN EL AVISO DE PRIVACIDAD<\/p><p>TRUE TICKET podr\u00e1 realizar cualquier cambio en el Aviso de Privacidad sin previo aviso.<\/p><p>Si tiene alguna duda o pregunta respecto al Aviso de Privacidad, por favor cont\u00e1ctenos en la siguiente direcci\u00f3n:<a href=\"mailto:soporte@trueticket.mx\">soporte@trueticket.mx<\/a><\/p>\t\t\t\t<style id=\"core-7857404-core-block-supports-inline-css\"><\/style>\t\t\t\t<\/div>\n\t\t\t\t<\/div>\n\t\t\t\t\t<\/div>\n\t\t\t\t<\/div>\n\t\t\t\t<\/div>\n\t\t","protected":false},"excerpt":{"rendered":"<p>Aviso de Privacidad True Ticket (www.trueticket.mx) tiene entre sus objetivos proteger los Datos Personales proporcionados por sus Usuarios. INFORMACI\u00d3N QUE RECOPILA TRUE TICKET A TRAV\u00c9S DEL SITIO Para registrarse en el Sitio Web, el Usuario podr\u00e1 llenar un formulario de registro o ingresar a trav\u00e9s de su cuenta de Facebook, Twitter, Instagram; al hacerlo, TRUE [&hellip;]<\/p>\n","protected":false},"author":1,"featured_media":0,"parent":0,"menu_order":0,"comment_status":"closed","ping_status":"closed","template":"","meta":{"_coblocks_attr":"","_coblocks_dimensions":"","_coblocks_responsive_height":"","_coblocks_accordion_ie_support":"","footnotes":""},"class_list":["post-1149","page","type-page","status-publish","hentry"],"blocksy_meta":[],"_links":{"self":[{"href":"https:\/\/www.trueticket.mx\/babas_tutsipop\/wp-json\/wp\/v2\/pages\/1149","targetHints":{"allow":["GET"]}}],"collection":[{"href":"https:\/\/www.trueticket.mx\/babas_tutsipop\/wp-json\/wp\/v2\/pages"}],"about":[{"href":"https:\/\/www.trueticket.mx\/babas_tutsipop\/wp-json\/wp\/v2\/types\/page"}],"author":[{"embeddable":true,"href":"https:\/\/www.trueticket.mx\/babas_tutsipop\/wp-json\/wp\/v2\/users\/1"}],"replies":[{"embeddable":true,"href":"https:\/\/www.trueticket.mx\/babas_tutsipop\/wp-json\/wp\/v2\/comments?post=1149"}],"version-history":[{"count":13,"href":"https:\/\/www.trueticket.mx\/babas_tutsipop\/wp-json\/wp\/v2\/pages\/1149\/revisions"}],"predecessor-version":[{"id":4315,"href":"https:\/\/www.trueticket.mx\/babas_tutsipop\/wp-json\/wp\/v2\/pages\/1149\/revisions\/4315"}],"wp:attachment":[{"href":"https:\/\/www.trueticket.mx\/babas_tutsipop\/wp-json\/wp\/v2\/media?parent=1149"}],"curies":[{"name":"wp","href":"https:\/\/api.w.org\/{rel}","templated":true}]}}