{"id":8189,"date":"2026-04-01T13:26:52","date_gmt":"2026-04-01T19:26:52","guid":{"rendered":"https:\/\/www.trueticket.mx\/babas_tutsipop\/?post_type=product&#038;p=8189"},"modified":"2026-04-16T19:06:14","modified_gmt":"2026-04-17T01:06:14","slug":"babas-tutsipop-en-cdmx","status":"publish","type":"product","link":"https:\/\/www.trueticket.mx\/babas_tutsipop\/product\/babas-tutsipop-en-cdmx\/","title":{"rendered":"BABAS TUTSIPOP EN CDMX"},"content":{"rendered":"","protected":false},"excerpt":{"rendered":"<p class=\"p1\">TRUE COMPANY PRESENTA<\/p>\n<p class=\"p1\">BABAS TUTSIPOP EN CDMX<\/p>\n<p class=\"p1\">S\u00c1BADO 24 DE OCTUBRE DEL 2026<\/p>\n<p class=\"p1\">LUGAR: FORO LA PAZ (Av. de la Paz 57-Piso 1, San \u00c1ngel, \u00c1lvaro Obreg\u00f3n, 01000 Ciudad de M\u00e9xico, CDMX)<\/p>\n<p class=\"p1\">HORA: 8:00 PM<\/p>\n<p class=\"p1\">GENERAL: $400 MN + CARGO POR SERVICIO<\/p>\n<p class=\"p1\">MEET AND GREET: $1,100 MN + CARGO POR SERVICIO (INCLUYE ENTRADA AL EVENTO Y MEET AND GREET CON BABAS TUTSIPOP)<\/p>\n<p class=\"p1\">VENTA DE BOLETOS EN TRUETICKET.MX<\/p>\n<p class=\"p1\">*Menores de 16 a\u00f1os tendr\u00e1n que ir acompa\u00f1ados de un adulto con su propio boleto.<\/p>\n","protected":false},"featured_media":8177,"comment_status":"open","ping_status":"closed","template":"","meta":{"_coblocks_attr":"","_coblocks_dimensions":"","_coblocks_responsive_height":"","_coblocks_accordion_ie_support":""},"product_brand":[],"product_cat":[114],"product_tag":[],"class_list":{"0":"post-8189","1":"product","2":"type-product","3":"status-publish","4":"has-post-thumbnail","6":"product_cat-babastutsipop_cdmx","8":"first","9":"instock","10":"taxable","11":"shipping-taxable","12":"purchasable","13":"product-type-variable"},"_links":{"self":[{"href":"https:\/\/www.trueticket.mx\/babas_tutsipop\/wp-json\/wp\/v2\/product\/8189","targetHints":{"allow":["GET"]}}],"collection":[{"href":"https:\/\/www.trueticket.mx\/babas_tutsipop\/wp-json\/wp\/v2\/product"}],"about":[{"href":"https:\/\/www.trueticket.mx\/babas_tutsipop\/wp-json\/wp\/v2\/types\/product"}],"replies":[{"embeddable":true,"href":"https:\/\/www.trueticket.mx\/babas_tutsipop\/wp-json\/wp\/v2\/comments?post=8189"}],"wp:featuredmedia":[{"embeddable":true,"href":"https:\/\/www.trueticket.mx\/babas_tutsipop\/wp-json\/wp\/v2\/media\/8177"}],"wp:attachment":[{"href":"https:\/\/www.trueticket.mx\/babas_tutsipop\/wp-json\/wp\/v2\/media?parent=8189"}],"wp:term":[{"taxonomy":"product_brand","embeddable":true,"href":"https:\/\/www.trueticket.mx\/babas_tutsipop\/wp-json\/wp\/v2\/product_brand?post=8189"},{"taxonomy":"product_cat","embeddable":true,"href":"https:\/\/www.trueticket.mx\/babas_tutsipop\/wp-json\/wp\/v2\/product_cat?post=8189"},{"taxonomy":"product_tag","embeddable":true,"href":"https:\/\/www.trueticket.mx\/babas_tutsipop\/wp-json\/wp\/v2\/product_tag?post=8189"}],"curies":[{"name":"wp","href":"https:\/\/api.w.org\/{rel}","templated":true}]}}