{"id":8144,"date":"2026-02-26T19:19:38","date_gmt":"2026-02-27T01:19:38","guid":{"rendered":"https:\/\/www.trueticket.mx\/chuchorivas\/?post_type=product&#038;p=8144"},"modified":"2026-05-01T16:24:51","modified_gmt":"2026-05-01T22:24:51","slug":"chucho-rivas-en-queretaro","status":"publish","type":"product","link":"https:\/\/www.trueticket.mx\/chuchorivas\/product\/chucho-rivas-en-queretaro\/","title":{"rendered":"Chucho Rivas en Quer\u00e9taro"},"content":{"rendered":"","protected":false},"excerpt":{"rendered":"<p class=\"p1\">TRUE COMPANY PRESENTA<\/p>\n<p class=\"p1\">CHUCHO RIVAS EN QUER\u00c9TARO<\/p>\n<p class=\"p1\">S\u00c1BADO 23 DE MAYO DEL 2026<\/p>\n<p class=\"p1\">LUGAR: CEART (Jos\u00e9 Mar\u00eda Arteaga 89, Centro, 76000 Santiago de Quer\u00e9taro, Qro.)<\/p>\n<p class=\"p1\">HORA: 8:00 PM<\/p>\n<p class=\"p1\">GENERAL: $500 MN + CARGO POR SERVICIO<\/p>\n<p class=\"p1\">MEET AND GREET: $1,200 MN + CARGO POR SERVICIO (INCLUYE ENTRADA AL EVENTO Y MEET AND GREET CON CHUCHO RIVAS)<\/p>\n<p class=\"p1\">VENTA DE BOLETOS EN TRUETICKET.MX<\/p>\n<p class=\"p1\">EVENTO PARA TODAS LAS EDADES.<\/p>\n","protected":false},"featured_media":8188,"comment_status":"open","ping_status":"closed","template":"","meta":{"_coblocks_attr":"","_coblocks_dimensions":"","_coblocks_responsive_height":"","_coblocks_accordion_ie_support":""},"product_brand":[],"product_cat":[120],"product_tag":[],"class_list":{"0":"post-8144","1":"product","2":"type-product","3":"status-publish","4":"has-post-thumbnail","6":"product_cat-chucho_rivas_queretaro","8":"first","9":"instock","10":"taxable","11":"shipping-taxable","12":"purchasable","13":"product-type-variable"},"_links":{"self":[{"href":"https:\/\/www.trueticket.mx\/chuchorivas\/wp-json\/wp\/v2\/product\/8144","targetHints":{"allow":["GET"]}}],"collection":[{"href":"https:\/\/www.trueticket.mx\/chuchorivas\/wp-json\/wp\/v2\/product"}],"about":[{"href":"https:\/\/www.trueticket.mx\/chuchorivas\/wp-json\/wp\/v2\/types\/product"}],"replies":[{"embeddable":true,"href":"https:\/\/www.trueticket.mx\/chuchorivas\/wp-json\/wp\/v2\/comments?post=8144"}],"wp:featuredmedia":[{"embeddable":true,"href":"https:\/\/www.trueticket.mx\/chuchorivas\/wp-json\/wp\/v2\/media\/8188"}],"wp:attachment":[{"href":"https:\/\/www.trueticket.mx\/chuchorivas\/wp-json\/wp\/v2\/media?parent=8144"}],"wp:term":[{"taxonomy":"product_brand","embeddable":true,"href":"https:\/\/www.trueticket.mx\/chuchorivas\/wp-json\/wp\/v2\/product_brand?post=8144"},{"taxonomy":"product_cat","embeddable":true,"href":"https:\/\/www.trueticket.mx\/chuchorivas\/wp-json\/wp\/v2\/product_cat?post=8144"},{"taxonomy":"product_tag","embeddable":true,"href":"https:\/\/www.trueticket.mx\/chuchorivas\/wp-json\/wp\/v2\/product_tag?post=8144"}],"curies":[{"name":"wp","href":"https:\/\/api.w.org\/{rel}","templated":true}]}}