{"id":8139,"date":"2026-03-31T11:58:09","date_gmt":"2026-03-31T17:58:09","guid":{"rendered":"https:\/\/www.trueticket.mx\/lukas_urkijo\/?post_type=product&#038;p=8139"},"modified":"2026-05-16T18:24:44","modified_gmt":"2026-05-17T00:24:44","slug":"lukas-urkijo-en-toluca","status":"publish","type":"product","link":"https:\/\/www.trueticket.mx\/lukas_urkijo\/product\/lukas-urkijo-en-toluca\/","title":{"rendered":"LUKAS URKIJO EN TOLUCA"},"content":{"rendered":"","protected":false},"excerpt":{"rendered":"<p class=\"p1\">TRUE COMPANY PRESENTA<\/p>\n<p class=\"p1\">LUKAS URKIJO EN TOLUCA<\/p>\n<p class=\"p1\">DOMINGO 21 DE JUNIO DEL 2026<\/p>\n<p class=\"p1\">LUGAR: Foro Land\u00f3 (Calle Nicol\u00e1s Bravo Nte. 825, Uni\u00f3n, 50040 Toluca de Lerdo, M\u00e9x.)<\/p>\n<p class=\"p1\">HORA: 8:00 PM<\/p>\n<p class=\"p1\">GENERAL: $500 MN + CARGO POR SERVICIO<\/p>\n<p class=\"p1\">MEET AND GREET: $1,000 MN + CARGO POR SERVICIO (INCLUYE ENTRADA AL EVENTO Y MEET AND GREET CON LUKAS URKIJO)<\/p>\n<p class=\"p1\">VENTA DE BOLETOS EN TRUETICKET.MX<\/p>\n<p class=\"p1\">EVENTO PARA TODAS LAS EDADES.<\/p>\n","protected":false},"featured_media":8340,"comment_status":"open","ping_status":"closed","template":"","meta":{"_coblocks_attr":"","_coblocks_dimensions":"","_coblocks_responsive_height":"","_coblocks_accordion_ie_support":""},"product_brand":[],"product_cat":[110],"product_tag":[],"class_list":{"0":"post-8139","1":"product","2":"type-product","3":"status-publish","4":"has-post-thumbnail","6":"product_cat-lukas_urkijo_toluca","8":"first","9":"instock","10":"taxable","11":"shipping-taxable","12":"purchasable","13":"product-type-variable"},"_links":{"self":[{"href":"https:\/\/www.trueticket.mx\/lukas_urkijo\/wp-json\/wp\/v2\/product\/8139","targetHints":{"allow":["GET"]}}],"collection":[{"href":"https:\/\/www.trueticket.mx\/lukas_urkijo\/wp-json\/wp\/v2\/product"}],"about":[{"href":"https:\/\/www.trueticket.mx\/lukas_urkijo\/wp-json\/wp\/v2\/types\/product"}],"replies":[{"embeddable":true,"href":"https:\/\/www.trueticket.mx\/lukas_urkijo\/wp-json\/wp\/v2\/comments?post=8139"}],"wp:featuredmedia":[{"embeddable":true,"href":"https:\/\/www.trueticket.mx\/lukas_urkijo\/wp-json\/wp\/v2\/media\/8340"}],"wp:attachment":[{"href":"https:\/\/www.trueticket.mx\/lukas_urkijo\/wp-json\/wp\/v2\/media?parent=8139"}],"wp:term":[{"taxonomy":"product_brand","embeddable":true,"href":"https:\/\/www.trueticket.mx\/lukas_urkijo\/wp-json\/wp\/v2\/product_brand?post=8139"},{"taxonomy":"product_cat","embeddable":true,"href":"https:\/\/www.trueticket.mx\/lukas_urkijo\/wp-json\/wp\/v2\/product_cat?post=8139"},{"taxonomy":"product_tag","embeddable":true,"href":"https:\/\/www.trueticket.mx\/lukas_urkijo\/wp-json\/wp\/v2\/product_tag?post=8139"}],"curies":[{"name":"wp","href":"https:\/\/api.w.org\/{rel}","templated":true}]}}