{"id":8149,"date":"2026-02-17T13:04:37","date_gmt":"2026-02-17T19:04:37","guid":{"rendered":"https:\/\/www.trueticket.mx\/majo-rivas\/?post_type=product&#038;p=8149"},"modified":"2026-03-07T19:23:41","modified_gmt":"2026-03-08T01:23:41","slug":"majo-rivas-en-toluca","status":"publish","type":"product","link":"https:\/\/www.trueticket.mx\/majo-rivas\/product\/majo-rivas-en-toluca\/","title":{"rendered":"Majo Rivas en Toluca"},"content":{"rendered":"","protected":false},"excerpt":{"rendered":"<p><b>True Company presenta<\/b><\/p>\n<p>Majo Rivas en<span class=\"Apple-converted-space\">\u00a0 <\/span>Toluca<\/p>\n<p>S\u00e1bado 7 DE MARZO DEL 2026<\/p>\n<p>LUGAR: FORO LANDO (Calle Nicol\u00e1s Bravo Nte. 825, Uni\u00f3n, 50040 Toluca de Lerdo, M\u00e9x.)<\/p>\n<p>HORA: 8:00 PM<\/p>\n<p>GENERAL: $400 MN + CARGO POR SERVICIO<\/p>\n<p>MEET AND GREET: $800 MN MN + CARGO POR SERVICIO (INCLUYE ENTRADA AL EVENTO, Y DISCO F\u00cdSICO<span class=\"Apple-converted-space\">\u00a0 <\/span>\u201cREAL\u201d Y MEET AND GREET <span class=\"Apple-converted-space\">\u00a0 <\/span>CON MAJO RIVAS)<\/p>\n<p>VENTA DE BOLETOS EN TRUETICKET.MX<\/p>\n<p>EVENTO PARA TODAS LAS EDADES.<\/p>\n","protected":false},"featured_media":8153,"comment_status":"open","ping_status":"closed","template":"","meta":{"_coblocks_attr":"","_coblocks_dimensions":"","_coblocks_responsive_height":"","_coblocks_accordion_ie_support":""},"product_brand":[],"product_cat":[114],"product_tag":[],"class_list":{"0":"post-8149","1":"product","2":"type-product","3":"status-publish","4":"has-post-thumbnail","6":"product_cat-majo_rivas_toluca_real_tour_2026","8":"first","9":"instock","10":"taxable","11":"shipping-taxable","12":"product-type-variable"},"_links":{"self":[{"href":"https:\/\/www.trueticket.mx\/majo-rivas\/wp-json\/wp\/v2\/product\/8149","targetHints":{"allow":["GET"]}}],"collection":[{"href":"https:\/\/www.trueticket.mx\/majo-rivas\/wp-json\/wp\/v2\/product"}],"about":[{"href":"https:\/\/www.trueticket.mx\/majo-rivas\/wp-json\/wp\/v2\/types\/product"}],"replies":[{"embeddable":true,"href":"https:\/\/www.trueticket.mx\/majo-rivas\/wp-json\/wp\/v2\/comments?post=8149"}],"wp:featuredmedia":[{"embeddable":true,"href":"https:\/\/www.trueticket.mx\/majo-rivas\/wp-json\/wp\/v2\/media\/8153"}],"wp:attachment":[{"href":"https:\/\/www.trueticket.mx\/majo-rivas\/wp-json\/wp\/v2\/media?parent=8149"}],"wp:term":[{"taxonomy":"product_brand","embeddable":true,"href":"https:\/\/www.trueticket.mx\/majo-rivas\/wp-json\/wp\/v2\/product_brand?post=8149"},{"taxonomy":"product_cat","embeddable":true,"href":"https:\/\/www.trueticket.mx\/majo-rivas\/wp-json\/wp\/v2\/product_cat?post=8149"},{"taxonomy":"product_tag","embeddable":true,"href":"https:\/\/www.trueticket.mx\/majo-rivas\/wp-json\/wp\/v2\/product_tag?post=8149"}],"curies":[{"name":"wp","href":"https:\/\/api.w.org\/{rel}","templated":true}]}}